{"id":15,"date":"2023-04-11T15:52:30","date_gmt":"2023-04-11T15:52:30","guid":{"rendered":"http:\/\/www.prokopa.pl\/?page_id=15"},"modified":"2023-04-11T16:33:20","modified_gmt":"2023-04-11T16:33:20","slug":"zakres-uprawnien","status":"publish","type":"page","link":"http:\/\/www.prokopa.pl\/index.php\/zakres-uprawnien\/","title":{"rendered":"Zakres uprawnie\u0144"},"content":{"rendered":"\n<p>rzeczoznawcy do spraw ruchu zak\u0142adu g\u00f3rniczego w grupie XII:<\/p>\n\n\n\n<ol class=\"wp-block-list\">\n<li>Ustalanie jednostkowego zu\u017cycia materia\u0142\u00f3w wybuchowych odpalanych w otworze strza\u0142owym i serii otwor\u00f3w strza\u0142owych &#8211; \u00a751 ust. 3 pkt 3 lit. c R-STRZ,<\/li>\n\n\n\n<li>Opiniowanie dokumentacji strza\u0142owej dotycz\u0105cej wykonywania rob\u00f3t strza\u0142owych &#8211; \u00a7 52 ust. 3 pkt 5 R-STRZ,<\/li>\n\n\n\n<li>Udzia\u0142 przy strzelaniach do\u015bwiadczalnych w odkrywkowych zak\u0142adach g\u00f3rniczych i akceptowania protoko\u0142\u00f3w tych strzela\u0144 &#8211; \u00a7 53 ust. 2 i ust. 5 R-STRZ,&nbsp;<\/li>\n\n\n\n<li>Sporz\u0105dzania opinii wraz z okre\u015blaniem warunk\u00f3w w zakresie sporz\u0105dzania i u\u017cywania materia\u0142\u00f3w wybuchowych typu saletrol w odkrywkowych zak\u0142adach g\u00f3rniczych &#8211; pkt 3.2 za\u0142\u0105cznika nr 3 do R-STRZ,<\/li>\n\n\n\n<li>Opiniowanie szczeg\u00f3\u0142owych instrukcji wykonywania rob\u00f3t strza\u0142owych specjalistycznych w zak\u0142adach g\u00f3rniczych wydobywaj\u0105cych w\u0119giel brunatny &#8211; pkt 3.3.3 za\u0142\u0105cznika nr 3 do R-STRZ,<\/li>\n\n\n\n<li>Opiniowanie szczeg\u00f3\u0142owych instrukcji wykonywania rob\u00f3t strza\u0142owych specjalistycznych w zak\u0142adach g\u00f3rniczych wydobywaj\u0105cych rudy metali, surowce skalne, mineralne i chemiczne &#8211; pkt 3.4.2 za\u0142\u0105cznika nr 3 do R-STRZ,<\/li>\n\n\n\n<li>Opiniowanie dokumentacji strza\u0142owych dla innych strzela\u0144 &#8211; niewymienionych w pkt. 1-5 za\u0142\u0105cznika nr 3 &#8211; pkt 6 za\u0142\u0105cznika nr 3 do R-STRZ,<\/li>\n\n\n\n<li>Sporz\u0105dzanie opinii w zakresie ustalania zasi\u0119gu strefy zagro\u017cenia powietrzn\u0105 fal\u0105 uderzeniow\u0105 w przypadku, gdy \u0142adunki materia\u0142u wybuchowego inicjowane s\u0105 lontem detonuj\u0105cym poza otworem strza\u0142owym oraz rzeczywistego zasi\u0119gu strefy zagro\u017cenia fal\u0105 uderzeniow\u0105 \u2013 pkt 2 za\u0142\u0105cznika nr 4 do R-STRZ<\/li>\n\n\n\n<li>Sporz\u0105dzanie opinii w zakresie zmniejszania lub zwi\u0119kszania zasi\u0119gu strefy zagro\u017cenia rozrzutem od\u0142amk\u00f3w skalnych w zale\u017cno\u015bci od metody wykonywania rob\u00f3t strza\u0142owych \u2013 pkt 4 za\u0142\u0105cznika nr 4 do R-STRZ,<\/li>\n\n\n\n<li>Okre\u015blania rzeczywistego zasi\u0119gu strefy zagro\u017cenia drganiami parasejsmicznymi g\u00f3rotworu &#8211; pkt 7 za\u0142\u0105cznika nr 4 do R-STRZ<\/li>\n<\/ol>\n\n\n\n<div class=\"wp-block-group has-global-padding is-layout-constrained wp-block-group-is-layout-constrained\">\n<p class=\"has-small-font-size\">R-STRZ- Rozporz\u0105dzenie Ministra Energii z dnia 9 listopada 2016 r. w sprawie szczeg\u00f3\u0142owych wymaga\u0144 dotycz\u0105cych przechowywania i u\u017cywania \u015brodk\u00f3w strza\u0142owych i sprz\u0119tu strza\u0142owego w ruchu zak\u0142adu g\u00f3rniczego (Dz. U. z 2017 r. poz. 321)<\/p>\n<\/div>\n\n\n\n<div class=\"wp-block-group has-global-padding is-layout-constrained wp-block-group-is-layout-constrained\">\n<p><a href=\"http:\/\/www.prokopa.pl\" data-type=\"URL\" data-id=\"www.prokopa.pl\">Powr\u00f3t na stron\u0119 g\u0142\u00f3wn\u0105<\/a><\/p>\n<\/div>\n","protected":false},"excerpt":{"rendered":"<p>rzeczoznawcy do spraw ruchu zak\u0142adu g\u00f3rniczego w grupie XII: R-STRZ- Rozporz\u0105dzenie Ministra Energii z dnia 9 listopada 2016 r. w sprawie szczeg\u00f3\u0142owych wymaga\u0144 dotycz\u0105cych przechowywania i u\u017cywania \u015brodk\u00f3w strza\u0142owych i sprz\u0119tu strza\u0142owego w ruchu zak\u0142adu g\u00f3rniczego (Dz. U. z 2017 r. poz. 321) Powr\u00f3t na stron\u0119 g\u0142\u00f3wn\u0105<\/p>\n","protected":false},"author":1,"featured_media":0,"parent":0,"menu_order":0,"comment_status":"closed","ping_status":"closed","template":"","meta":{"footnotes":""},"class_list":["post-15","page","type-page","status-publish","hentry"],"_links":{"self":[{"href":"http:\/\/www.prokopa.pl\/index.php\/wp-json\/wp\/v2\/pages\/15","targetHints":{"allow":["GET"]}}],"collection":[{"href":"http:\/\/www.prokopa.pl\/index.php\/wp-json\/wp\/v2\/pages"}],"about":[{"href":"http:\/\/www.prokopa.pl\/index.php\/wp-json\/wp\/v2\/types\/page"}],"author":[{"embeddable":true,"href":"http:\/\/www.prokopa.pl\/index.php\/wp-json\/wp\/v2\/users\/1"}],"replies":[{"embeddable":true,"href":"http:\/\/www.prokopa.pl\/index.php\/wp-json\/wp\/v2\/comments?post=15"}],"version-history":[{"count":2,"href":"http:\/\/www.prokopa.pl\/index.php\/wp-json\/wp\/v2\/pages\/15\/revisions"}],"predecessor-version":[{"id":25,"href":"http:\/\/www.prokopa.pl\/index.php\/wp-json\/wp\/v2\/pages\/15\/revisions\/25"}],"wp:attachment":[{"href":"http:\/\/www.prokopa.pl\/index.php\/wp-json\/wp\/v2\/media?parent=15"}],"curies":[{"name":"wp","href":"https:\/\/api.w.org\/{rel}","templated":true}]}}